{"id":2,"date":"2025-02-21T14:56:36","date_gmt":"2025-02-21T14:56:36","guid":{"rendered":"http:\/\/serwis-pioter.pl\/?page_id=2"},"modified":"2025-10-06T09:12:29","modified_gmt":"2025-10-06T09:12:29","slug":"o-mnie","status":"publish","type":"page","link":"https:\/\/serwis-pioter.pl\/index.php\/o-mnie\/","title":{"rendered":"O mnie"},"content":{"rendered":"\n<p>M\u00f3j serwis zajmuje si\u0119 napraw\u0105 przede wszystkim elektroniki u\u017cytkowej ale nie tylko z dojazdem do klienta.<\/p>\n\n\n\n<p><strong>Naprawiam m.in.<\/strong><\/p>\n\n\n\n<blockquote class=\"wp-block-quote is-layout-flow wp-block-quote-is-layout-flow\">\n<ul class=\"wp-block-list\">\n<li>telewizory<\/li>\n\n\n\n<li>telefony\/smartfony<\/li>\n\n\n\n<li>komputery PC<\/li>\n\n\n\n<li>laptopy<\/li>\n\n\n\n<li>konsole i pady<\/li>\n\n\n\n<li>ekspresy do kawy (serwis\/konserwacja)<\/li>\n\n\n\n<li>a tak\u017ce inne urz\u0105dzenia elektroniczne je\u015bli si\u0119 da <\/li>\n<\/ul>\n<\/blockquote>\n\n\n\n<p><\/p>\n","protected":false},"excerpt":{"rendered":"<p>M\u00f3j serwis zajmuje si\u0119 napraw\u0105 przede wszystkim elektroniki u\u017cytkowej ale nie tylko z dojazdem do klienta. Naprawiam m.in.<\/p>\n","protected":false},"author":1,"featured_media":0,"parent":0,"menu_order":0,"comment_status":"closed","ping_status":"closed","template":"","meta":{"footnotes":""},"class_list":["post-2","page","type-page","status-publish","hentry"],"_links":{"self":[{"href":"https:\/\/serwis-pioter.pl\/index.php\/wp-json\/wp\/v2\/pages\/2","targetHints":{"allow":["GET"]}}],"collection":[{"href":"https:\/\/serwis-pioter.pl\/index.php\/wp-json\/wp\/v2\/pages"}],"about":[{"href":"https:\/\/serwis-pioter.pl\/index.php\/wp-json\/wp\/v2\/types\/page"}],"author":[{"embeddable":true,"href":"https:\/\/serwis-pioter.pl\/index.php\/wp-json\/wp\/v2\/users\/1"}],"replies":[{"embeddable":true,"href":"https:\/\/serwis-pioter.pl\/index.php\/wp-json\/wp\/v2\/comments?post=2"}],"version-history":[{"count":2,"href":"https:\/\/serwis-pioter.pl\/index.php\/wp-json\/wp\/v2\/pages\/2\/revisions"}],"predecessor-version":[{"id":35,"href":"https:\/\/serwis-pioter.pl\/index.php\/wp-json\/wp\/v2\/pages\/2\/revisions\/35"}],"wp:attachment":[{"href":"https:\/\/serwis-pioter.pl\/index.php\/wp-json\/wp\/v2\/media?parent=2"}],"curies":[{"name":"wp","href":"https:\/\/api.w.org\/{rel}","templated":true}]}}